{"id":15,"date":"2017-04-19T21:22:31","date_gmt":"2017-04-19T21:22:31","guid":{"rendered":"http:\/\/mieter02.bn-paf.de\/?page_id=15"},"modified":"2017-07-05T18:27:32","modified_gmt":"2017-07-05T16:27:32","slug":"beratung","status":"publish","type":"page","link":"https:\/\/mieter02.bn-paf.de\/?page_id=15","title":{"rendered":"Beratung"},"content":{"rendered":"<p><strong>Welche Beratung bietet der Mieterverein?<\/strong><\/p>\n<p>Wir beraten unsere Mitglieder in allen Fragen des Mietrechts, z.B. der Nebenkostenabrechnung, Renovierung beim Umzug, Pr\u00fcfung von Mieterh\u00f6hungen, Wohnungsm\u00e4ngeln oder Eigenbedarfsk\u00fcndigungen. Die Beratung wird durchgef\u00fchrt von Rechtsanw\u00e4lten\u00a0und anderen Experten mit langj\u00e4hriger Erfahrung im Mietrecht. Wir setzen die Rechte der Mieter durch, wenn m\u00f6glich au\u00dfergerichtlich.<\/p>\n<p><strong>Wie bekomme ich einen Beratungstermin?<\/strong><\/p>\n<p>Wir d\u00fcrfen nach dem Rechtsdienstleistungsgesetz nur f\u00fcr unsere Mitglieder t\u00e4tig werden. Ohne Mitgliedschaft k\u00f6nnen wir daher keine Mietrechtsberatung anbieten, dies d\u00fcrfen nur Rechtsanw\u00e4lte.\u00a0F\u00fcr Informationen zur\u00a0Mitgliedschaft und zur Vereinbarung eines Beratungstermins erreichen Sie uns pers\u00f6nlich unter Tel. 08441 7973724 oder per Mail an info(at)mieterverein-pfaffenhofen.de<\/p>\n<p><strong>Welche Kosten kommen auf mich zu?<\/strong><\/p>\n<p>F\u00fcr unsere Mitglieder ist die Beratung grunds\u00e4tzlich kostenlos, gegen eine geringe Geb\u00fchr f\u00fchren unsere Mietrechtsexperten f\u00fcr Sie auch gerne den Schriftverkehr mit Vermietern, Beh\u00f6rden oder Dritten. Der j\u00e4hrliche Mitgliedsbeitrag von derzeit 78,- EUR erspart also den teuren Gang zum Rechtsanwalt.<\/p>\n<p><strong>Was, wenn ich mich mit meinem Vermieter nicht einige?<\/strong><\/p>\n<p>Unser Ziel ist es, die Rechte der Mieter durchzusetzen, wenn m\u00f6glich au\u00dfergerichtlich. Doch manchmal ist ein Prozess nicht zu vermeiden. F\u00fcr gerichtliche Auseinandersetzungen gew\u00e4hrt der Mieterverein grunds\u00e4tzlich keinen Kostenersatz. F\u00fcr begr\u00fcndete Ausnahmef\u00e4lle haben wir einen Rechtshilfefonds eingerichtet. Dar\u00fcber entscheidet der Vorstand auf Antrag des Mitglieds hin.<\/p>\n<p><strong>Was mache ich in dringenden F\u00e4llen?<\/strong><\/p>\n<p>Wer eine Mietererh\u00f6hung oder gar K\u00fcndigung erhalten hat, ist sicher aufgeregt und verunsichert. Auch werden Mieter oft aufgefordert, innerhalb weniger Tage eine Stellungnahme abzugeben. Doch in der Regel wird dem Mieter vom Gesetz ausreichend Zeit gew\u00e4hrt, eine Vermieterforderung pr\u00fcfen zu lassen. Die sorgf\u00e4ltige Pr\u00fcfung Ihres Anliegens erfordert meist ein ausf\u00fchrliches Gespr\u00e4ch und die Durchsicht des Mietvertrags. Setzen Sie sich gerne telefonisch mit uns in Verbindung, wir wissen und k\u00f6nnen beurteilen, was eilt und was nicht.<\/p>\n<p>&nbsp;<\/p>\n","protected":false},"excerpt":{"rendered":"<p>Welche Beratung bietet der Mieterverein? Wir beraten unsere Mitglieder in allen Fragen des Mietrechts, z.B. der Nebenkostenabrechnung, Renovierung beim Umzug, Pr\u00fcfung von Mieterh\u00f6hungen, Wohnungsm\u00e4ngeln oder Eigenbedarfsk\u00fcndigungen. Die Beratung wird durchgef\u00fchrt von Rechtsanw\u00e4lten\u00a0und anderen Experten mit langj\u00e4hriger Erfahrung im Mietrecht. Wir setzen die Rechte der Mieter durch, wenn m\u00f6glich au\u00dfergerichtlich. Wie bekomme ich einen Beratungstermin? Wir d\u00fcrfen nach dem Rechtsdienstleistungsgesetz nur [&hellip;]<\/p>\n","protected":false},"author":1,"featured_media":0,"parent":0,"menu_order":1,"comment_status":"closed","ping_status":"closed","template":"","meta":{"footnotes":""},"class_list":["post-15","page","type-page","status-publish","hentry"],"_links":{"self":[{"href":"https:\/\/mieter02.bn-paf.de\/index.php?rest_route=\/wp\/v2\/pages\/15","targetHints":{"allow":["GET"]}}],"collection":[{"href":"https:\/\/mieter02.bn-paf.de\/index.php?rest_route=\/wp\/v2\/pages"}],"about":[{"href":"https:\/\/mieter02.bn-paf.de\/index.php?rest_route=\/wp\/v2\/types\/page"}],"author":[{"embeddable":true,"href":"https:\/\/mieter02.bn-paf.de\/index.php?rest_route=\/wp\/v2\/users\/1"}],"replies":[{"embeddable":true,"href":"https:\/\/mieter02.bn-paf.de\/index.php?rest_route=%2Fwp%2Fv2%2Fcomments&post=15"}],"version-history":[{"count":9,"href":"https:\/\/mieter02.bn-paf.de\/index.php?rest_route=\/wp\/v2\/pages\/15\/revisions"}],"predecessor-version":[{"id":109,"href":"https:\/\/mieter02.bn-paf.de\/index.php?rest_route=\/wp\/v2\/pages\/15\/revisions\/109"}],"wp:attachment":[{"href":"https:\/\/mieter02.bn-paf.de\/index.php?rest_route=%2Fwp%2Fv2%2Fmedia&parent=15"}],"curies":[{"name":"wp","href":"https:\/\/api.w.org\/{rel}","templated":true}]}}