{"id":35,"date":"2017-04-20T10:30:16","date_gmt":"2017-04-20T08:30:16","guid":{"rendered":"http:\/\/mieter02.bn-paf.de\/?page_id=35"},"modified":"2019-01-19T16:44:30","modified_gmt":"2019-01-19T15:44:30","slug":"formulare","status":"publish","type":"page","link":"https:\/\/mieter02.bn-paf.de\/?page_id=35","title":{"rendered":"Formulare"},"content":{"rendered":"<p><strong>Beitrittserkl\u00e4rung<\/strong><\/p>\n<p>So einfach geht&#8217;s: Zum Beitritt im Mieterverein\u00a0lassen Sie\u00a0uns diese Beitrittserkl\u00e4rung ausgef\u00fcllt und unterschrieben zukommen oder bringen Sie diese einfach zu Ihrem ersten Beratungsgespr\u00e4ch mit.<\/p>\n<p><a href=\"https:\/\/mieter02.bn-paf.de\/wp-content\/uploads\/2017\/06\/beitrittv3.pdf\">Beitrittserkl\u00e4rung<\/a><\/p>\n<p><strong>Allgemeine Hinweise zur Beratung<\/strong><\/p>\n<p>Sie erwarten zurecht, dass wir Sie als unser Mitglied bestm\u00f6glich beraten. Deshalb finden Sie hier alle Informationen, wie wir unsere Beratung organisiert haben, welche Unterlagen wir beim Beratungstermin ben\u00f6tigen und welche Obliegenheiten zu erf\u00fcllen sind.<\/p>\n<p>Beratung<\/p>\n<p><strong>Die Satzung des Mietervereins Pfaffenhofen e.V.<\/strong><\/p>\n<p>Hier finden Sie die derzeit g\u00fcltige Satzung des Vereins<\/p>\n<p><a href=\"https:\/\/mieter02.bn-paf.de\/wp-content\/uploads\/2017\/04\/satzung-2009.pdf\">Die g\u00fcltige Satzung<\/a><\/p>\n<p><strong>Beitr\u00e4ge und Geb\u00fchren<\/strong><\/p>\n<p>Die Beratung im Mietrecht ist f\u00fcr unsere Mitglieder kostenlos. Sie finden hier alle Informationen \u00fcber den Mitgliedsbeitrag und Geb\u00fchren f\u00fcr sonstige Leistungen.<\/p>\n<p><a href=\"https:\/\/mieter02.bn-paf.de\/wp-content\/uploads\/2017\/04\/beitr\u00e4ge-und-geb\u00fchren-2019.pdf\">Beitr\u00e4ge und Geb\u00fchren<\/a><\/p>\n<p><strong>Mietspiegel Pfaffenhofen<\/strong><\/p>\n<p>Der Gesetzgeber hat dem Mieterverein ein Mitwirkungsrecht bei der\u00a0Gestaltung des Mietspiegels \u00fcbertragen. Der Mietspiegel ist gem\u00e4\u00df \u00a7 558c\u00a0BGB eine \u00dcbersicht \u00fcber die orts\u00fcbliche Vergleichsmiete in einer Stadt oder Gemeinde. F\u00fcr die Stadt Pfaffenhofen wurde ein qualifizierter Mietspiegel erstellt, der Voraussetzung daf\u00fcr ist, dass die sog. Mietpreisbremse greift.<\/p>\n<p><a href=\"https:\/\/www.pfaffenhofen.de\/media\/PAF_mietspiegel_2018_issuu.pdf\">Mietspiegel Pfaffenhofen<\/a><\/p>\n<table style=\"height: 78px;\" border=\"0\" width=\"180\" cellpadding=\"4\">\n<tbody>\n<tr>\n<td><\/td>\n<\/tr>\n<tr>\n<td><\/td>\n<\/tr>\n<tr>\n<td><\/td>\n<\/tr>\n<tr>\n<td><\/td>\n<\/tr>\n<tr>\n<td><\/td>\n<\/tr>\n<tr>\n<td><\/td>\n<\/tr>\n<tr>\n<td><\/td>\n<\/tr>\n<tr>\n<td><\/td>\n<\/tr>\n<tr>\n<td><\/td>\n<\/tr>\n<tr>\n<td><\/td>\n<\/tr>\n<tr>\n<td><\/td>\n<\/tr>\n<\/tbody>\n<\/table>\n","protected":false},"excerpt":{"rendered":"<p>Beitrittserkl\u00e4rung So einfach geht&#8217;s: Zum Beitritt im Mieterverein\u00a0lassen Sie\u00a0uns diese Beitrittserkl\u00e4rung ausgef\u00fcllt und unterschrieben zukommen oder bringen Sie diese einfach zu Ihrem ersten Beratungsgespr\u00e4ch mit. Beitrittserkl\u00e4rung Allgemeine Hinweise zur Beratung Sie erwarten zurecht, dass wir Sie als unser Mitglied bestm\u00f6glich beraten. Deshalb finden Sie hier alle Informationen, wie wir unsere Beratung organisiert haben, welche Unterlagen wir beim Beratungstermin ben\u00f6tigen und [&hellip;]<\/p>\n","protected":false},"author":1,"featured_media":0,"parent":0,"menu_order":4,"comment_status":"closed","ping_status":"closed","template":"","meta":{"footnotes":""},"class_list":["post-35","page","type-page","status-publish","hentry"],"_links":{"self":[{"href":"https:\/\/mieter02.bn-paf.de\/index.php?rest_route=\/wp\/v2\/pages\/35","targetHints":{"allow":["GET"]}}],"collection":[{"href":"https:\/\/mieter02.bn-paf.de\/index.php?rest_route=\/wp\/v2\/pages"}],"about":[{"href":"https:\/\/mieter02.bn-paf.de\/index.php?rest_route=\/wp\/v2\/types\/page"}],"author":[{"embeddable":true,"href":"https:\/\/mieter02.bn-paf.de\/index.php?rest_route=\/wp\/v2\/users\/1"}],"replies":[{"embeddable":true,"href":"https:\/\/mieter02.bn-paf.de\/index.php?rest_route=%2Fwp%2Fv2%2Fcomments&post=35"}],"version-history":[{"count":13,"href":"https:\/\/mieter02.bn-paf.de\/index.php?rest_route=\/wp\/v2\/pages\/35\/revisions"}],"predecessor-version":[{"id":157,"href":"https:\/\/mieter02.bn-paf.de\/index.php?rest_route=\/wp\/v2\/pages\/35\/revisions\/157"}],"wp:attachment":[{"href":"https:\/\/mieter02.bn-paf.de\/index.php?rest_route=%2Fwp%2Fv2%2Fmedia&parent=35"}],"curies":[{"name":"wp","href":"https:\/\/api.w.org\/{rel}","templated":true}]}}