{"id":85,"date":"2017-06-05T01:35:11","date_gmt":"2017-06-04T23:35:11","guid":{"rendered":"http:\/\/mieter02.bn-paf.de\/?page_id=85"},"modified":"2020-03-23T16:55:56","modified_gmt":"2020-03-23T15:55:56","slug":"der-verein","status":"publish","type":"page","link":"https:\/\/mieter02.bn-paf.de\/?page_id=85","title":{"rendered":"Der Verein"},"content":{"rendered":"<p><strong>Ziele und Aufgaben des Vereins<\/strong><\/p>\n<p>Wir vertreten die Interessen der Mieterinnen und Mieter im Landkreis Pfaffenhofen. Unsere Aufgabe ist die Beratung unserer Mitglieder in Miet- und Wohnungsangelegenheiten und damit zusammenh\u00e4ngenden Rechtsverh\u00e4ltnissen. Wir setzen uns ein f\u00fcr die Rechte und Interessen der Mieterinnen und Mieter in allen Bereichen des Wohnungswesens, insbesondere bei der Bauplanung, Stadtplanung, Landschafts- und Regionalplanung sowie bei der Sicherung gesunder Wohnverh\u00e4ltnisse.<\/p>\n<p><strong>Der Vorstand<\/strong><\/p>\n<p>Der Vorstand des Vereins wurde in der Mitgliederversammlung am 03.03.2020 neu gew\u00e4hlt.<\/p>\n<p><img loading=\"lazy\" decoding=\"async\" class=\"alignnone wp-image-162 \" src=\"https:\/\/mieter02.bn-paf.de\/wp-content\/uploads\/2017\/06\/vorstand4-300x200.jpg\" alt=\"\" width=\"389\" height=\"259\" srcset=\"https:\/\/mieter02.bn-paf.de\/wp-content\/uploads\/2017\/06\/vorstand4-300x200.jpg 300w, https:\/\/mieter02.bn-paf.de\/wp-content\/uploads\/2017\/06\/vorstand4-768x512.jpg 768w, https:\/\/mieter02.bn-paf.de\/wp-content\/uploads\/2017\/06\/vorstand4.jpg 960w\" sizes=\"auto, (max-width: 389px) 100vw, 389px\" \/><\/p>\n<p>Johannes Gold, 1. Vorsitzender<br \/>\nAlbert Hiereth, stellvertretender Vorsitzender<br \/>\nEckhard Melyarki,\u00a0Buchhaltung (nicht im Bild)<br \/>\nGudrun Jurmann, Schriftf\u00fchrung<br \/>\nThilo Bals, Beisitzer<\/p>\n<p>Vorst\u00e4nde gem\u00e4\u00df \u00a7 26 BGB sind der 1. Vorsitzende, der stellvertretende Vorsitzende und der Kassier. Den Verein vertreten nach au\u00dfen jeweils zwei dieser Vorstandsmitglieder gemeinsam.<\/p>\n<p><strong>Unser Beraterteam<\/strong><\/p>\n<p>Weitere Informationen folgen in K\u00fcrze.<\/p>\n<p>&nbsp;<\/p>\n","protected":false},"excerpt":{"rendered":"<p>Ziele und Aufgaben des Vereins Wir vertreten die Interessen der Mieterinnen und Mieter im Landkreis Pfaffenhofen. Unsere Aufgabe ist die Beratung unserer Mitglieder in Miet- und Wohnungsangelegenheiten und damit zusammenh\u00e4ngenden Rechtsverh\u00e4ltnissen. Wir setzen uns ein f\u00fcr die Rechte und Interessen der Mieterinnen und Mieter in allen Bereichen des Wohnungswesens, insbesondere bei der Bauplanung, Stadtplanung, Landschafts- und Regionalplanung sowie bei der [&hellip;]<\/p>\n","protected":false},"author":2,"featured_media":0,"parent":0,"menu_order":2,"comment_status":"closed","ping_status":"closed","template":"","meta":{"footnotes":""},"class_list":["post-85","page","type-page","status-publish","hentry"],"_links":{"self":[{"href":"https:\/\/mieter02.bn-paf.de\/index.php?rest_route=\/wp\/v2\/pages\/85","targetHints":{"allow":["GET"]}}],"collection":[{"href":"https:\/\/mieter02.bn-paf.de\/index.php?rest_route=\/wp\/v2\/pages"}],"about":[{"href":"https:\/\/mieter02.bn-paf.de\/index.php?rest_route=\/wp\/v2\/types\/page"}],"author":[{"embeddable":true,"href":"https:\/\/mieter02.bn-paf.de\/index.php?rest_route=\/wp\/v2\/users\/2"}],"replies":[{"embeddable":true,"href":"https:\/\/mieter02.bn-paf.de\/index.php?rest_route=%2Fwp%2Fv2%2Fcomments&post=85"}],"version-history":[{"count":9,"href":"https:\/\/mieter02.bn-paf.de\/index.php?rest_route=\/wp\/v2\/pages\/85\/revisions"}],"predecessor-version":[{"id":163,"href":"https:\/\/mieter02.bn-paf.de\/index.php?rest_route=\/wp\/v2\/pages\/85\/revisions\/163"}],"wp:attachment":[{"href":"https:\/\/mieter02.bn-paf.de\/index.php?rest_route=%2Fwp%2Fv2%2Fmedia&parent=85"}],"curies":[{"name":"wp","href":"https:\/\/api.w.org\/{rel}","templated":true}]}}