{"id":96,"date":"2017-06-11T02:36:54","date_gmt":"2017-06-11T00:36:54","guid":{"rendered":"http:\/\/mieter02.bn-paf.de\/?page_id=96"},"modified":"2019-01-19T16:38:39","modified_gmt":"2019-01-19T15:38:39","slug":"mitgliedschaft","status":"publish","type":"page","link":"https:\/\/mieter02.bn-paf.de\/?page_id=96","title":{"rendered":"Mitgliedschaft"},"content":{"rendered":"<p>Die Mitgliedschaft im Mieterverein Pfaffenhofen steht jeder vollj\u00e4hrigen nat\u00fcrlichen und juristischen Person offen, die unsere Ziele unterst\u00fctzt.<\/p>\n<p>Mieter, Untermieter, P\u00e4chter und Wohnrechtsinhaber von Wohn- und Gewerberaum k\u00f6nnen Mitglieder mit Anspruch auf Beratung durch unsere Mietrechtsexperten werden (ordentliche Mitgliedschaft). Der Mitgliedsbeitrag betr\u00e4gt derzeit 78,- EUR f\u00fcr Wohnraummieter und 96,- EUR f\u00fcr Gewerbemieter.<\/p>\n<p>Eine mit einem Mitglied in gemeinsamen Hausstand lebende vollj\u00e4hrige Person kann auf Antrag eine beitragsfreie Mitgliedschaft erlangen, ohne Verpflichtung zur Zahlung eines eigenen Mitgliedsbeitrags (Zweitmitgliedschaft).<\/p>\n<p>Als F\u00f6rdermitglieder k\u00f6nnen auch nat\u00fcrliche und juristische Personen Mitglieder werden, die zwar nicht Mieter, P\u00e4chter oder Wohnrechtsinhaber sind, aber gleichwohl die Ziele unseres Vereins anerkennen, insbesondere wenn zu erwarten ist, dass ihre Mitgliedschaft f\u00fcr den Verein f\u00f6rderlich ist.<\/p>\n<p><strong>So einfach geht&#8217;s:<\/strong> Zum Beitritt im Mieterverein\u00a0lassen Sie\u00a0uns diese Beitrittserkl\u00e4rung ausgef\u00fcllt und unterschrieben zukommen oder bringen Sie diese einfach zu Ihrem ersten Beratungsgespr\u00e4ch mit.<\/p>\n<p><a href=\"https:\/\/mieter02.bn-paf.de\/wp-content\/uploads\/2017\/06\/beitrittv3.pdf\">zur Beitrittserkl\u00e4rung<\/a><\/p>\n<p>&nbsp;<\/p>\n","protected":false},"excerpt":{"rendered":"<p>Die Mitgliedschaft im Mieterverein Pfaffenhofen steht jeder vollj\u00e4hrigen nat\u00fcrlichen und juristischen Person offen, die unsere Ziele unterst\u00fctzt. Mieter, Untermieter, P\u00e4chter und Wohnrechtsinhaber von Wohn- und Gewerberaum k\u00f6nnen Mitglieder mit Anspruch auf Beratung durch unsere Mietrechtsexperten werden (ordentliche Mitgliedschaft). Der Mitgliedsbeitrag betr\u00e4gt derzeit 78,- EUR f\u00fcr Wohnraummieter und 96,- EUR f\u00fcr Gewerbemieter. Eine mit einem Mitglied in gemeinsamen Hausstand lebende vollj\u00e4hrige [&hellip;]<\/p>\n","protected":false},"author":2,"featured_media":0,"parent":0,"menu_order":3,"comment_status":"closed","ping_status":"closed","template":"","meta":{"footnotes":""},"class_list":["post-96","page","type-page","status-publish","hentry"],"_links":{"self":[{"href":"https:\/\/mieter02.bn-paf.de\/index.php?rest_route=\/wp\/v2\/pages\/96","targetHints":{"allow":["GET"]}}],"collection":[{"href":"https:\/\/mieter02.bn-paf.de\/index.php?rest_route=\/wp\/v2\/pages"}],"about":[{"href":"https:\/\/mieter02.bn-paf.de\/index.php?rest_route=\/wp\/v2\/types\/page"}],"author":[{"embeddable":true,"href":"https:\/\/mieter02.bn-paf.de\/index.php?rest_route=\/wp\/v2\/users\/2"}],"replies":[{"embeddable":true,"href":"https:\/\/mieter02.bn-paf.de\/index.php?rest_route=%2Fwp%2Fv2%2Fcomments&post=96"}],"version-history":[{"count":5,"href":"https:\/\/mieter02.bn-paf.de\/index.php?rest_route=\/wp\/v2\/pages\/96\/revisions"}],"predecessor-version":[{"id":155,"href":"https:\/\/mieter02.bn-paf.de\/index.php?rest_route=\/wp\/v2\/pages\/96\/revisions\/155"}],"wp:attachment":[{"href":"https:\/\/mieter02.bn-paf.de\/index.php?rest_route=%2Fwp%2Fv2%2Fmedia&parent=96"}],"curies":[{"name":"wp","href":"https:\/\/api.w.org\/{rel}","templated":true}]}}